{"id":28,"date":"2026-01-15T11:56:13","date_gmt":"2026-01-15T11:56:13","guid":{"rendered":"https:\/\/kind-zhukovsky.5-56-166-59.plesk.page\/?page_id=28"},"modified":"2026-01-15T13:53:43","modified_gmt":"2026-01-15T13:53:43","slug":"contacto","status":"publish","type":"page","link":"https:\/\/kind-zhukovsky.5-56-166-59.plesk.page\/?page_id=28","title":{"rendered":"Contacto"},"content":{"rendered":"\t\t<div data-elementor-type=\"wp-page\" data-elementor-id=\"28\" class=\"elementor elementor-28\" data-elementor-post-type=\"page\">\n\t\t\t\t<div class=\"elementor-element elementor-element-42339e51 e-flex e-con-boxed e-con e-parent\" data-id=\"42339e51\" data-element_type=\"container\" data-settings=\"{&quot;background_background&quot;:&quot;classic&quot;}\">\n\t\t\t\t\t<div class=\"e-con-inner\">\n\t\t<div class=\"elementor-element elementor-element-739047ec e-con-full e-flex e-con e-child\" data-id=\"739047ec\" data-element_type=\"container\">\n\t\t\t\t<\/div>\n\t\t<div class=\"elementor-element elementor-element-600de76b e-con-full e-flex e-con e-child\" data-id=\"600de76b\" data-element_type=\"container\">\n\t\t\t\t<div class=\"elementor-element elementor-element-80730a2 elementor-align-end elementor-tablet-align-center elementor-icon-list--layout-traditional elementor-list-item-link-full_width elementor-invisible elementor-widget elementor-widget-icon-list\" data-id=\"80730a2\" data-element_type=\"widget\" data-settings=\"{&quot;_animation&quot;:&quot;fadeIn&quot;,&quot;_animation_delay&quot;:&quot;400&quot;}\" data-widget_type=\"icon-list.default\">\n\t\t\t\t\t\t\t<ul class=\"elementor-icon-list-items\">\n\t\t\t\t\t\t\t<li class=\"elementor-icon-list-item\">\n\t\t\t\t\t\t\t\t\t\t\t<span class=\"elementor-icon-list-icon\">\n\t\t\t\t\t\t\t<svg aria-hidden=\"true\" class=\"e-font-icon-svg e-fas-chevron-right\" viewBox=\"0 0 320 512\" xmlns=\"http:\/\/www.w3.org\/2000\/svg\"><path d=\"M285.476 272.971L91.132 467.314c-9.373 9.373-24.569 9.373-33.941 0l-22.667-22.667c-9.357-9.357-9.375-24.522-.04-33.901L188.505 256 34.484 101.255c-9.335-9.379-9.317-24.544.04-33.901l22.667-22.667c9.373-9.373 24.569-9.373 33.941 0L285.475 239.03c9.373 9.372 9.373 24.568.001 33.941z\"><\/path><\/svg>\t\t\t\t\t\t<\/span>\n\t\t\t\t\t\t\t\t\t\t<span class=\"elementor-icon-list-text\"><\/span>\n\t\t\t\t\t\t\t\t\t<\/li>\n\t\t\t\t\t\t<\/ul>\n\t\t\t\t\t\t<\/div>\n\t\t\t\t<\/div>\n\t\t\t\t\t<\/div>\n\t\t\t\t<\/div>\n\t\t<div class=\"elementor-element elementor-element-6b4192bb e-flex e-con-boxed e-con e-parent\" data-id=\"6b4192bb\" data-element_type=\"container\" data-settings=\"{&quot;background_background&quot;:&quot;classic&quot;}\">\n\t\t\t\t\t<div class=\"e-con-inner\">\n\t\t<div class=\"elementor-element elementor-element-754ef87f e-con-full e-flex e-con e-child\" data-id=\"754ef87f\" data-element_type=\"container\">\n\t\t<div class=\"elementor-element elementor-element-65836a3b e-con-full e-flex e-con e-child\" data-id=\"65836a3b\" data-element_type=\"container\">\n\t\t\t\t<div class=\"elementor-element elementor-element-4aecda82 elementor-mobile-align-center elementor-widget elementor-widget-button\" data-id=\"4aecda82\" data-element_type=\"widget\" data-widget_type=\"button.default\">\n\t\t\t\t\t\t\t\t\t\t<a class=\"elementor-button elementor-size-sm\" role=\"button\">\n\t\t\t\t\t\t<span class=\"elementor-button-content-wrapper\">\n\t\t\t\t\t\t\t\t\t<span class=\"elementor-button-text\">Contacto Taxi Galaxy<\/span>\n\t\t\t\t\t<\/span>\n\t\t\t\t\t<\/a>\n\t\t\t\t\t\t\t\t<\/div>\n\t\t\t\t<div class=\"elementor-element elementor-element-6f997b83 elementor-headline--style-highlight elementor-widget elementor-widget-animated-headline\" data-id=\"6f997b83\" data-element_type=\"widget\" data-settings=\"{&quot;marker&quot;:&quot;strikethrough&quot;,&quot;highlighted_text&quot;:&quot; r\\u00e1pida, c\\u00f3moda y segura&quot;,&quot;headline_style&quot;:&quot;highlight&quot;,&quot;loop&quot;:&quot;yes&quot;,&quot;highlight_animation_duration&quot;:1200,&quot;highlight_iteration_delay&quot;:8000}\" data-widget_type=\"animated-headline.default\">\n\t\t\t\t\t\t\t<h2 class=\"elementor-headline\">\n\t\t\t\t\t<span class=\"elementor-headline-plain-text elementor-headline-text-wrapper\">Estamos aqu\u00ed para llevarte a tu destino de forma<\/span>\n\t\t\t\t<span class=\"elementor-headline-dynamic-wrapper elementor-headline-text-wrapper\">\n\t\t\t\t\t<span class=\"elementor-headline-dynamic-text elementor-headline-text-active\"> r\u00e1pida, c\u00f3moda y segura<\/span>\n\t\t\t\t<\/span>\n\t\t\t\t<\/h2>\n\t\t\t\t\t\t<\/div>\n\t\t\t\t<\/div>\n\t\t<div class=\"elementor-element elementor-element-d4ff517 e-con-full e-flex e-con e-child\" data-id=\"d4ff517\" data-element_type=\"container\">\n\t\t<div class=\"elementor-element elementor-element-2dec0207 e-con-full e-flex e-con e-child\" data-id=\"2dec0207\" data-element_type=\"container\">\n\t\t<div class=\"elementor-element elementor-element-3851f7c8 e-con-full e-flex e-con e-child\" data-id=\"3851f7c8\" data-element_type=\"container\">\n\t\t\t\t<div class=\"elementor-element elementor-element-70c5f458 elementor-widget elementor-widget-heading\" data-id=\"70c5f458\" data-element_type=\"widget\" data-widget_type=\"heading.default\">\n\t\t\t\t\t<h4 class=\"elementor-heading-title elementor-size-default\">Email<\/h4>\t\t\t\t<\/div>\n\t\t\t\t<div class=\"elementor-element elementor-element-2b69c4fe elementor-mobile-align-center elementor-icon-list--layout-traditional elementor-list-item-link-full_width elementor-widget elementor-widget-icon-list\" data-id=\"2b69c4fe\" data-element_type=\"widget\" data-widget_type=\"icon-list.default\">\n\t\t\t\t\t\t\t<ul class=\"elementor-icon-list-items\">\n\t\t\t\t\t\t\t<li class=\"elementor-icon-list-item\">\n\t\t\t\t\t\t\t\t\t\t\t<a href=\"mailto:info@taxigalaxy.es\">\n\n\t\t\t\t\t\t\t\t\t\t\t<span class=\"elementor-icon-list-text\">info@taxigalaxy.es<\/span>\n\t\t\t\t\t\t\t\t\t\t\t<\/a>\n\t\t\t\t\t\t\t\t\t<\/li>\n\t\t\t\t\t\t<\/ul>\n\t\t\t\t\t\t<\/div>\n\t\t\t\t<\/div>\n\t\t<div class=\"elementor-element elementor-element-27bb11ae e-con-full e-flex e-con e-child\" data-id=\"27bb11ae\" data-element_type=\"container\">\n\t\t\t\t<div class=\"elementor-element elementor-element-656c86f2 elementor-widget elementor-widget-heading\" data-id=\"656c86f2\" data-element_type=\"widget\" data-widget_type=\"heading.default\">\n\t\t\t\t\t<h4 class=\"elementor-heading-title elementor-size-default\">Tel\u00e9fono<\/h4>\t\t\t\t<\/div>\n\t\t\t\t<div class=\"elementor-element elementor-element-90f71f0 elementor-mobile-align-center elementor-icon-list--layout-traditional elementor-list-item-link-full_width elementor-widget elementor-widget-icon-list\" data-id=\"90f71f0\" data-element_type=\"widget\" data-widget_type=\"icon-list.default\">\n\t\t\t\t\t\t\t<ul class=\"elementor-icon-list-items\">\n\t\t\t\t\t\t\t<li class=\"elementor-icon-list-item\">\n\t\t\t\t\t\t\t\t\t\t<span class=\"elementor-icon-list-text\">Pr\u00f3ximamente<\/span>\n\t\t\t\t\t\t\t\t\t<\/li>\n\t\t\t\t\t\t<\/ul>\n\t\t\t\t\t\t<\/div>\n\t\t\t\t<\/div>\n\t\t\t\t<\/div>\n\t\t<div class=\"elementor-element elementor-element-3a089f58 e-con-full e-flex e-con e-child\" data-id=\"3a089f58\" data-element_type=\"container\">\n\t\t<div class=\"elementor-element elementor-element-74d1adf5 e-con-full e-flex e-con e-child\" data-id=\"74d1adf5\" data-element_type=\"container\">\n\t\t\t\t<div class=\"elementor-element elementor-element-373dc802 elementor-widget elementor-widget-heading\" data-id=\"373dc802\" data-element_type=\"widget\" data-widget_type=\"heading.default\">\n\t\t\t\t\t<h4 class=\"elementor-heading-title elementor-size-default\">Zona de servicio:<\/h4>\t\t\t\t<\/div>\n\t\t\t\t<div class=\"elementor-element elementor-element-657003a2 elementor-widget elementor-widget-heading\" data-id=\"657003a2\" data-element_type=\"widget\" data-widget_type=\"heading.default\">\n\t\t\t\t\t<p class=\"elementor-heading-title elementor-size-default\">Badalona \u00b7 Barcelona \u00b7 Traslados al aeropuerto \u00b7 Rutas urbanas e interurbanas<\/p>\t\t\t\t<\/div>\n\t\t\t\t<\/div>\n\t\t\t\t<\/div>\n\t\t\t\t<\/div>\n\t\t<div class=\"elementor-element elementor-element-2992816a e-con-full e-flex e-con e-child\" data-id=\"2992816a\" data-element_type=\"container\">\n\t\t\t\t<div class=\"elementor-element elementor-element-33afcaf1 elementor-widget elementor-widget-heading\" data-id=\"33afcaf1\" data-element_type=\"widget\" data-widget_type=\"heading.default\">\n\t\t\t\t\t<h2 class=\"elementor-heading-title elementor-size-default\">Taxi Galaxy<\/h2>\t\t\t\t<\/div>\n\t\t\t\t<\/div>\n\t\t\t\t<\/div>\n\t\t<div class=\"elementor-element elementor-element-1831d488 e-con-full e-flex e-con e-child\" data-id=\"1831d488\" data-element_type=\"container\">\n\t\t<div class=\"elementor-element elementor-element-19f43b64 e-con-full e-transform e-flex e-con e-child\" data-id=\"19f43b64\" data-element_type=\"container\" data-settings=\"{&quot;background_background&quot;:&quot;classic&quot;,&quot;_transform_scale_effect_hover&quot;:{&quot;unit&quot;:&quot;px&quot;,&quot;size&quot;:&quot;1.02&quot;,&quot;sizes&quot;:[]},&quot;_transform_scale_effect_hover_tablet&quot;:{&quot;unit&quot;:&quot;px&quot;,&quot;size&quot;:&quot;&quot;,&quot;sizes&quot;:[]},&quot;_transform_scale_effect_hover_mobile&quot;:{&quot;unit&quot;:&quot;px&quot;,&quot;size&quot;:&quot;&quot;,&quot;sizes&quot;:[]}}\">\n\t\t\t\t<div class=\"elementor-element elementor-element-2bfd31c elementor-widget elementor-widget-heading\" data-id=\"2bfd31c\" data-element_type=\"widget\" data-widget_type=\"heading.default\">\n\t\t\t\t\t<h2 class=\"elementor-heading-title elementor-size-default\">Env\u00edanos tu consulta<\/h2>\t\t\t\t<\/div>\n\t\t\t\t<div class=\"elementor-element elementor-element-382ac34a elementor-widget elementor-widget-heading\" data-id=\"382ac34a\" data-element_type=\"widget\" data-widget_type=\"heading.default\">\n\t\t\t\t\t<p class=\"elementor-heading-title elementor-size-default\">Si prefieres, puedes dejarnos tu mensaje a trav\u00e9s del siguiente formulario. Te responderemos lo antes posible para ayudarte con tu reserva o resolver cualquier duda sobre nuestros servicios.<\/p>\t\t\t\t<\/div>\n\t\t\t\t<div class=\"elementor-element elementor-element-c938396 elementor-button-align-stretch elementor-widget elementor-widget-form\" data-id=\"c938396\" data-element_type=\"widget\" data-settings=\"{&quot;step_next_label&quot;:&quot;Next&quot;,&quot;step_previous_label&quot;:&quot;Previous&quot;,&quot;button_width&quot;:&quot;100&quot;,&quot;step_type&quot;:&quot;number_text&quot;,&quot;step_icon_shape&quot;:&quot;circle&quot;}\" data-widget_type=\"form.default\">\n\t\t\t\t\t\t\t<form class=\"elementor-form\" method=\"post\" name=\"New Form\" aria-label=\"New Form\">\n\t\t\t<input type=\"hidden\" name=\"post_id\" value=\"28\"\/>\n\t\t\t<input type=\"hidden\" name=\"form_id\" value=\"c938396\"\/>\n\t\t\t<input type=\"hidden\" name=\"referer_title\" value=\"Contacto - TaxiGalaxy.es\" \/>\n\n\t\t\t\t\t\t\t<input type=\"hidden\" name=\"queried_id\" value=\"28\"\/>\n\t\t\t\n\t\t\t<div class=\"elementor-form-fields-wrapper elementor-labels-\">\n\t\t\t\t\t\t\t\t<div class=\"elementor-field-type-text elementor-field-group elementor-column elementor-field-group-name elementor-col-100\">\n\t\t\t\t\t\t\t\t\t\t\t\t<label for=\"form-field-name\" class=\"elementor-field-label elementor-screen-only\">\n\t\t\t\t\t\t\t\tNombre\t\t\t\t\t\t\t<\/label>\n\t\t\t\t\t\t\t\t\t\t\t\t\t\t<input size=\"1\" type=\"text\" name=\"form_fields[name]\" id=\"form-field-name\" class=\"elementor-field elementor-size-sm  elementor-field-textual\" placeholder=\"Nombre\">\n\t\t\t\t\t\t\t\t\t\t\t<\/div>\n\t\t\t\t\t\t\t\t<div class=\"elementor-field-type-email elementor-field-group elementor-column elementor-field-group-email elementor-col-100 elementor-field-required\">\n\t\t\t\t\t\t\t\t\t\t\t\t<label for=\"form-field-email\" class=\"elementor-field-label elementor-screen-only\">\n\t\t\t\t\t\t\t\tEmail\t\t\t\t\t\t\t<\/label>\n\t\t\t\t\t\t\t\t\t\t\t\t\t\t<input size=\"1\" type=\"email\" name=\"form_fields[email]\" id=\"form-field-email\" class=\"elementor-field elementor-size-sm  elementor-field-textual\" placeholder=\"Email\" required=\"required\">\n\t\t\t\t\t\t\t\t\t\t\t<\/div>\n\t\t\t\t\t\t\t\t<div class=\"elementor-field-type-textarea elementor-field-group elementor-column elementor-field-group-message elementor-col-100\">\n\t\t\t\t\t\t\t\t\t\t\t\t<label for=\"form-field-message\" class=\"elementor-field-label elementor-screen-only\">\n\t\t\t\t\t\t\t\tMensaje\t\t\t\t\t\t\t<\/label>\n\t\t\t\t\t\t<textarea class=\"elementor-field-textual elementor-field  elementor-size-sm\" name=\"form_fields[message]\" id=\"form-field-message\" rows=\"4\" placeholder=\"Mensaje\"><\/textarea>\t\t\t\t<\/div>\n\t\t\t\t\t\t\t\t<div class=\"elementor-field-group elementor-column elementor-field-type-submit elementor-col-100 e-form__buttons\">\n\t\t\t\t\t<button class=\"elementor-button elementor-size-sm\" type=\"submit\">\n\t\t\t\t\t\t<span class=\"elementor-button-content-wrapper\">\n\t\t\t\t\t\t\t\t\t\t\t\t\t\t\t\t\t\t\t\t\t\t<span class=\"elementor-button-text\">Send<\/span>\n\t\t\t\t\t\t\t\t\t\t\t\t\t<\/span>\n\t\t\t\t\t<\/button>\n\t\t\t\t<\/div>\n\t\t\t<\/div>\n\t\t<\/form>\n\t\t\t\t\t\t<\/div>\n\t\t\t\t<\/div>\n\t\t\t\t<\/div>\n\t\t\t\t\t<\/div>\n\t\t\t\t<\/div>\n\t\t<div class=\"elementor-element elementor-element-34986896 e-con-full e-flex e-con e-parent\" data-id=\"34986896\" data-element_type=\"container\">\n\t\t<div class=\"elementor-element elementor-element-5ac2447e e-con-full e-flex e-con e-child\" data-id=\"5ac2447e\" data-element_type=\"container\">\n\t\t\t\t<div class=\"elementor-element elementor-element-66e60f62 elementor-widget elementor-widget-google_maps\" data-id=\"66e60f62\" data-element_type=\"widget\" data-widget_type=\"google_maps.default\">\n\t\t\t\t\t\t\t<div class=\"elementor-custom-embed\">\n\t\t\t<iframe loading=\"lazy\"\n\t\t\t\t\tsrc=\"https:\/\/maps.google.com\/maps?q=catalu%C3%B1a%2C%20espa%C3%B1a&#038;t=m&#038;z=8&#038;output=embed&#038;iwloc=near\"\n\t\t\t\t\ttitle=\"catalu\u00f1a, espa\u00f1a\"\n\t\t\t\t\taria-label=\"catalu\u00f1a, espa\u00f1a\"\n\t\t\t><\/iframe>\n\t\t<\/div>\n\t\t\t\t\t\t<\/div>\n\t\t\t\t<\/div>\n\t\t<div class=\"elementor-element elementor-element-17431bcb e-flex e-con-boxed e-con e-child\" data-id=\"17431bcb\" data-element_type=\"container\" data-settings=\"{&quot;background_background&quot;:&quot;classic&quot;}\">\n\t\t\t\t\t<div class=\"e-con-inner\">\n\t\t\t\t\t<\/div>\n\t\t\t\t<\/div>\n\t\t\t\t<\/div>\n\t\t\t\t<\/div>\n\t\t","protected":false},"excerpt":{"rendered":"<p>Contacto Taxi Galaxy Estamos aqu\u00ed para llevarte a tu destino de forma r\u00e1pida, c\u00f3moda y segura Email info@taxigalaxy.es Tel\u00e9fono Pr\u00f3ximamente Zona de servicio: Badalona \u00b7 Barcelona \u00b7 Traslados al aeropuerto \u00b7 Rutas urbanas e interurbanas Taxi Galaxy Env\u00edanos tu consulta Si prefieres, puedes dejarnos tu mensaje a trav\u00e9s del siguiente formulario. Te responderemos lo antes [&hellip;]<\/p>\n","protected":false},"author":1,"featured_media":0,"parent":0,"menu_order":0,"comment_status":"closed","ping_status":"closed","template":"","meta":{"footnotes":""},"class_list":["post-28","page","type-page","status-publish","hentry"],"yoast_head":"<!-- This site is optimized with the Yoast SEO plugin v26.7 - https:\/\/yoast.com\/wordpress\/plugins\/seo\/ -->\n<title>Contacto - TaxiGalaxy.es<\/title>\n<meta name=\"robots\" content=\"index, follow, max-snippet:-1, max-image-preview:large, max-video-preview:-1\" \/>\n<link rel=\"canonical\" href=\"https:\/\/kind-zhukovsky.5-56-166-59.plesk.page\/?page_id=28\" \/>\n<meta property=\"og:locale\" content=\"es_ES\" \/>\n<meta property=\"og:type\" content=\"article\" \/>\n<meta property=\"og:title\" content=\"Contacto - TaxiGalaxy.es\" \/>\n<meta property=\"og:description\" content=\"Contacto Taxi Galaxy Estamos aqu\u00ed para llevarte a tu destino de forma r\u00e1pida, c\u00f3moda y segura Email info@taxigalaxy.es Tel\u00e9fono Pr\u00f3ximamente Zona de servicio: Badalona \u00b7 Barcelona \u00b7 Traslados al aeropuerto \u00b7 Rutas urbanas e interurbanas Taxi Galaxy Env\u00edanos tu consulta Si prefieres, puedes dejarnos tu mensaje a trav\u00e9s del siguiente formulario. Te responderemos lo antes [&hellip;]\" \/>\n<meta property=\"og:url\" content=\"https:\/\/kind-zhukovsky.5-56-166-59.plesk.page\/?page_id=28\" \/>\n<meta property=\"og:site_name\" content=\"TaxiGalaxy.es\" \/>\n<meta property=\"article:modified_time\" content=\"2026-01-15T13:53:43+00:00\" \/>\n<meta name=\"twitter:card\" content=\"summary_large_image\" \/>\n<meta name=\"twitter:label1\" content=\"Tiempo de lectura\" \/>\n\t<meta name=\"twitter:data1\" content=\"1 minuto\" \/>\n<script type=\"application\/ld+json\" class=\"yoast-schema-graph\">{\"@context\":\"https:\/\/schema.org\",\"@graph\":[{\"@type\":\"WebPage\",\"@id\":\"https:\/\/kind-zhukovsky.5-56-166-59.plesk.page\/?page_id=28\",\"url\":\"https:\/\/kind-zhukovsky.5-56-166-59.plesk.page\/?page_id=28\",\"name\":\"Contacto - TaxiGalaxy.es\",\"isPartOf\":{\"@id\":\"https:\/\/kind-zhukovsky.5-56-166-59.plesk.page\/#website\"},\"datePublished\":\"2026-01-15T11:56:13+00:00\",\"dateModified\":\"2026-01-15T13:53:43+00:00\",\"breadcrumb\":{\"@id\":\"https:\/\/kind-zhukovsky.5-56-166-59.plesk.page\/?page_id=28#breadcrumb\"},\"inLanguage\":\"es\",\"potentialAction\":[{\"@type\":\"ReadAction\",\"target\":[\"https:\/\/kind-zhukovsky.5-56-166-59.plesk.page\/?page_id=28\"]}]},{\"@type\":\"BreadcrumbList\",\"@id\":\"https:\/\/kind-zhukovsky.5-56-166-59.plesk.page\/?page_id=28#breadcrumb\",\"itemListElement\":[{\"@type\":\"ListItem\",\"position\":1,\"name\":\"Portada\",\"item\":\"https:\/\/kind-zhukovsky.5-56-166-59.plesk.page\/\"},{\"@type\":\"ListItem\",\"position\":2,\"name\":\"Contacto\"}]},{\"@type\":\"WebSite\",\"@id\":\"https:\/\/kind-zhukovsky.5-56-166-59.plesk.page\/#website\",\"url\":\"https:\/\/kind-zhukovsky.5-56-166-59.plesk.page\/\",\"name\":\"TaxiGalaxy.es\",\"description\":\"\",\"publisher\":{\"@id\":\"https:\/\/kind-zhukovsky.5-56-166-59.plesk.page\/#organization\"},\"potentialAction\":[{\"@type\":\"SearchAction\",\"target\":{\"@type\":\"EntryPoint\",\"urlTemplate\":\"https:\/\/kind-zhukovsky.5-56-166-59.plesk.page\/?s={search_term_string}\"},\"query-input\":{\"@type\":\"PropertyValueSpecification\",\"valueRequired\":true,\"valueName\":\"search_term_string\"}}],\"inLanguage\":\"es\"},{\"@type\":\"Organization\",\"@id\":\"https:\/\/kind-zhukovsky.5-56-166-59.plesk.page\/#organization\",\"name\":\"TaxiGalaxy.es\",\"url\":\"https:\/\/kind-zhukovsky.5-56-166-59.plesk.page\/\",\"logo\":{\"@type\":\"ImageObject\",\"inLanguage\":\"es\",\"@id\":\"https:\/\/kind-zhukovsky.5-56-166-59.plesk.page\/#\/schema\/logo\/image\/\",\"url\":\"https:\/\/kind-zhukovsky.5-56-166-59.plesk.page\/wp-content\/uploads\/2026\/01\/ChatGPT-Image-15-ene-2026-12_09_31-e1768479128952.png\",\"contentUrl\":\"https:\/\/kind-zhukovsky.5-56-166-59.plesk.page\/wp-content\/uploads\/2026\/01\/ChatGPT-Image-15-ene-2026-12_09_31-e1768479128952.png\",\"width\":924,\"height\":410,\"caption\":\"TaxiGalaxy.es\"},\"image\":{\"@id\":\"https:\/\/kind-zhukovsky.5-56-166-59.plesk.page\/#\/schema\/logo\/image\/\"}}]}<\/script>\n<!-- \/ Yoast SEO plugin. -->","yoast_head_json":{"title":"Contacto - TaxiGalaxy.es","robots":{"index":"index","follow":"follow","max-snippet":"max-snippet:-1","max-image-preview":"max-image-preview:large","max-video-preview":"max-video-preview:-1"},"canonical":"https:\/\/kind-zhukovsky.5-56-166-59.plesk.page\/?page_id=28","og_locale":"es_ES","og_type":"article","og_title":"Contacto - TaxiGalaxy.es","og_description":"Contacto Taxi Galaxy Estamos aqu\u00ed para llevarte a tu destino de forma r\u00e1pida, c\u00f3moda y segura Email info@taxigalaxy.es Tel\u00e9fono Pr\u00f3ximamente Zona de servicio: Badalona \u00b7 Barcelona \u00b7 Traslados al aeropuerto \u00b7 Rutas urbanas e interurbanas Taxi Galaxy Env\u00edanos tu consulta Si prefieres, puedes dejarnos tu mensaje a trav\u00e9s del siguiente formulario. Te responderemos lo antes [&hellip;]","og_url":"https:\/\/kind-zhukovsky.5-56-166-59.plesk.page\/?page_id=28","og_site_name":"TaxiGalaxy.es","article_modified_time":"2026-01-15T13:53:43+00:00","twitter_card":"summary_large_image","twitter_misc":{"Tiempo de lectura":"1 minuto"},"schema":{"@context":"https:\/\/schema.org","@graph":[{"@type":"WebPage","@id":"https:\/\/kind-zhukovsky.5-56-166-59.plesk.page\/?page_id=28","url":"https:\/\/kind-zhukovsky.5-56-166-59.plesk.page\/?page_id=28","name":"Contacto - TaxiGalaxy.es","isPartOf":{"@id":"https:\/\/kind-zhukovsky.5-56-166-59.plesk.page\/#website"},"datePublished":"2026-01-15T11:56:13+00:00","dateModified":"2026-01-15T13:53:43+00:00","breadcrumb":{"@id":"https:\/\/kind-zhukovsky.5-56-166-59.plesk.page\/?page_id=28#breadcrumb"},"inLanguage":"es","potentialAction":[{"@type":"ReadAction","target":["https:\/\/kind-zhukovsky.5-56-166-59.plesk.page\/?page_id=28"]}]},{"@type":"BreadcrumbList","@id":"https:\/\/kind-zhukovsky.5-56-166-59.plesk.page\/?page_id=28#breadcrumb","itemListElement":[{"@type":"ListItem","position":1,"name":"Portada","item":"https:\/\/kind-zhukovsky.5-56-166-59.plesk.page\/"},{"@type":"ListItem","position":2,"name":"Contacto"}]},{"@type":"WebSite","@id":"https:\/\/kind-zhukovsky.5-56-166-59.plesk.page\/#website","url":"https:\/\/kind-zhukovsky.5-56-166-59.plesk.page\/","name":"TaxiGalaxy.es","description":"","publisher":{"@id":"https:\/\/kind-zhukovsky.5-56-166-59.plesk.page\/#organization"},"potentialAction":[{"@type":"SearchAction","target":{"@type":"EntryPoint","urlTemplate":"https:\/\/kind-zhukovsky.5-56-166-59.plesk.page\/?s={search_term_string}"},"query-input":{"@type":"PropertyValueSpecification","valueRequired":true,"valueName":"search_term_string"}}],"inLanguage":"es"},{"@type":"Organization","@id":"https:\/\/kind-zhukovsky.5-56-166-59.plesk.page\/#organization","name":"TaxiGalaxy.es","url":"https:\/\/kind-zhukovsky.5-56-166-59.plesk.page\/","logo":{"@type":"ImageObject","inLanguage":"es","@id":"https:\/\/kind-zhukovsky.5-56-166-59.plesk.page\/#\/schema\/logo\/image\/","url":"https:\/\/kind-zhukovsky.5-56-166-59.plesk.page\/wp-content\/uploads\/2026\/01\/ChatGPT-Image-15-ene-2026-12_09_31-e1768479128952.png","contentUrl":"https:\/\/kind-zhukovsky.5-56-166-59.plesk.page\/wp-content\/uploads\/2026\/01\/ChatGPT-Image-15-ene-2026-12_09_31-e1768479128952.png","width":924,"height":410,"caption":"TaxiGalaxy.es"},"image":{"@id":"https:\/\/kind-zhukovsky.5-56-166-59.plesk.page\/#\/schema\/logo\/image\/"}}]}},"_links":{"self":[{"href":"https:\/\/kind-zhukovsky.5-56-166-59.plesk.page\/index.php?rest_route=\/wp\/v2\/pages\/28","targetHints":{"allow":["GET"]}}],"collection":[{"href":"https:\/\/kind-zhukovsky.5-56-166-59.plesk.page\/index.php?rest_route=\/wp\/v2\/pages"}],"about":[{"href":"https:\/\/kind-zhukovsky.5-56-166-59.plesk.page\/index.php?rest_route=\/wp\/v2\/types\/page"}],"author":[{"embeddable":true,"href":"https:\/\/kind-zhukovsky.5-56-166-59.plesk.page\/index.php?rest_route=\/wp\/v2\/users\/1"}],"replies":[{"embeddable":true,"href":"https:\/\/kind-zhukovsky.5-56-166-59.plesk.page\/index.php?rest_route=%2Fwp%2Fv2%2Fcomments&post=28"}],"version-history":[{"count":10,"href":"https:\/\/kind-zhukovsky.5-56-166-59.plesk.page\/index.php?rest_route=\/wp\/v2\/pages\/28\/revisions"}],"predecessor-version":[{"id":82,"href":"https:\/\/kind-zhukovsky.5-56-166-59.plesk.page\/index.php?rest_route=\/wp\/v2\/pages\/28\/revisions\/82"}],"wp:attachment":[{"href":"https:\/\/kind-zhukovsky.5-56-166-59.plesk.page\/index.php?rest_route=%2Fwp%2Fv2%2Fmedia&parent=28"}],"curies":[{"name":"wp","href":"https:\/\/api.w.org\/{rel}","templated":true}]}}